{"id":567,"date":"2025-05-31T14:29:13","date_gmt":"2025-05-31T14:29:13","guid":{"rendered":"https:\/\/chubenfishsauce.com\/?page_id=567"},"modified":"2025-07-22T09:32:18","modified_gmt":"2025-07-22T09:32:18","slug":"services","status":"publish","type":"page","link":"https:\/\/chubenfishsauce.com\/vi\/services\/","title":{"rendered":"D\u1ecaCH V\u1ee4"},"content":{"rendered":"<div data-elementor-type=\"wp-page\" data-elementor-id=\"567\" class=\"elementor elementor-567\" data-elementor-post-type=\"page\">\n\t\t\t\t<div class=\"has_ae_slider elementor-element elementor-element-e697214 e-con-full e-flex ae-bg-gallery-type-default e-con e-parent\" data-id=\"e697214\" data-element_type=\"container\" data-e-type=\"container\" data-settings=\"{&quot;background_background&quot;:&quot;classic&quot;}\">\n\t\t\t\t<div class=\"elementor-element elementor-element-5640786 elementor-widget elementor-widget-heading\" data-id=\"5640786\" data-element_type=\"widget\" data-e-type=\"widget\" data-widget_type=\"heading.default\">\n\t\t\t\t<div class=\"elementor-widget-container\">\n\t\t\t\t\t<h1 class=\"elementor-heading-title elementor-size-default\">T\u01b0 v\u1ea5n &amp; d\u1ecbch v\u1ee5<\/h1>\t\t\t\t<\/div>\n\t\t\t\t<\/div>\n\t\t\t\t<div class=\"elementor-element elementor-element-6b0b5bb elementor-widget elementor-widget-spacer\" data-id=\"6b0b5bb\" data-element_type=\"widget\" data-e-type=\"widget\" data-widget_type=\"spacer.default\">\n\t\t\t\t<div class=\"elementor-widget-container\">\n\t\t\t\t\t\t\t<div class=\"elementor-spacer\">\n\t\t\t<div class=\"elementor-spacer-inner\"><\/div>\n\t\t<\/div>\n\t\t\t\t\t\t<\/div>\n\t\t\t\t<\/div>\n\t\t\t\t<div class=\"elementor-element elementor-element-30d1061 elementor-align-left elementor-widget elementor-widget-button\" data-id=\"30d1061\" data-element_type=\"widget\" data-e-type=\"widget\" data-widget_type=\"button.default\">\n\t\t\t\t<div class=\"elementor-widget-container\">\n\t\t\t\t\t\t\t\t\t<div class=\"elementor-button-wrapper\">\n\t\t\t\t\t<a class=\"elementor-button elementor-button-link elementor-size-sm\" href=\"#\">\n\t\t\t\t\t\t<span class=\"elementor-button-content-wrapper\">\n\t\t\t\t\t\t\t\t\t<span class=\"elementor-button-text\">[ L\u01af\u1edaT XU\u1ed0NG \u0110\u1ec2 XEM ]<\/span>\n\t\t\t\t\t<\/span>\n\t\t\t\t\t<\/a>\n\t\t\t\t<\/div>\n\t\t\t\t\t\t\t\t<\/div>\n\t\t\t\t<\/div>\n\t\t\t\t<div class=\"elementor-element elementor-element-639d227 elementor-widget elementor-widget-html\" data-id=\"639d227\" data-element_type=\"widget\" data-e-type=\"widget\" data-widget_type=\"html.default\">\n\t\t\t\t<div class=\"elementor-widget-container\">\n\t\t\t\t\t<div class=\"mouse\"><\/div>\n\t\t\t\t<\/div>\n\t\t\t\t<\/div>\n\t\t\t\t<div class=\"elementor-element elementor-element-9068f58 elementor-absolute elementor-widget elementor-widget-html\" data-id=\"9068f58\" data-element_type=\"widget\" data-e-type=\"widget\" data-settings=\"{&quot;_position&quot;:&quot;absolute&quot;}\" data-widget_type=\"html.default\">\n\t\t\t\t<div class=\"elementor-widget-container\">\n\t\t\t\t\t<div class=\"scrolling-text-wrapper\">\n  <div class=\"scrolling-text\">\nSMOKED FISH SAUCE - CHU BEN ORIGINAL - SMOKED FISH SAUCE - CHU BEN ORIGINAL - SMOKED FISH SAUCE - CHU BEN ORIGINAL - SMOKED FISH SAUCE - CHU BEN ORIGINAL - SMOKED FISH SAUCE - CHU BEN ORIGINAL - SMOKED FISH SAUCE - CHU BEN ORIGINAL - \n  <\/div>\n<\/div>\n\n<style>\n@import url('https:\/\/fonts.googleapis.com\/css2?family=DM+Sans:wght@700&display=swap');\n\n.scrolling-text-wrapper {\n  width: 100%;\n  overflow: hidden;\n  padding: 5px 0;\n  padding-bottom: 7px;\n}\n\n.scrolling-text {\n  display: inline-block;\n  white-space: nowrap;\n  font-family: 'Cinzel', sans-serif;\n  font-weight:200;\n  font-size: 100px;\n  letter-spacing: 2px;\n  \/*background-color: #FDE8CD;*\/\n  color: #FFFFEF;\n  animation: scroll-left 70s linear infinite;\n}\n\/*.scrolling-text-wrapper:hover .scrolling-text {*\/\n              \/* ho\u1eb7c m\u00e3 m\u00e0u b\u1ea1n mu\u1ed1n, v\u00ed d\u1ee5: #FF0000 \n\/*  animation-play-state: paused;*\/\n\/*  cursor: default;*\/\n\/*}*\/\n\n@keyframes scroll-left {\n  0% { transform: translateX(0%); }\n  100% { transform: translateX(-50%); }\n}\n<\/style>\t\t\t\t<\/div>\n\t\t\t\t<\/div>\n\t\t\t\t<\/div>\n\t\t<div class=\"has_ae_slider elementor-element elementor-element-8ff4641 e-flex e-con-boxed ae-bg-gallery-type-default e-con e-parent\" data-id=\"8ff4641\" data-element_type=\"container\" data-e-type=\"container\" data-settings=\"{&quot;background_background&quot;:&quot;classic&quot;}\">\n\t\t\t\t\t<div class=\"e-con-inner\">\n\t\t<div class=\"has_ae_slider elementor-element elementor-element-41266b5 e-con-full e-flex ae-bg-gallery-type-default e-con e-child\" data-id=\"41266b5\" data-element_type=\"container\" data-e-type=\"container\">\n\t\t\t\t<div class=\"elementor-element elementor-element-617e555 elementor-align-left elementor-widget elementor-widget-button\" data-id=\"617e555\" data-element_type=\"widget\" data-e-type=\"widget\" data-widget_type=\"button.default\">\n\t\t\t\t<div class=\"elementor-widget-container\">\n\t\t\t\t\t\t\t\t\t<div class=\"elementor-button-wrapper\">\n\t\t\t\t\t<a class=\"elementor-button elementor-button-link elementor-size-sm\" href=\"#\">\n\t\t\t\t\t\t<span class=\"elementor-button-content-wrapper\">\n\t\t\t\t\t\t\t\t\t<span class=\"elementor-button-text\">[ HO\u1ea0T \u0110\u1ed8NG ]<\/span>\n\t\t\t\t\t<\/span>\n\t\t\t\t\t<\/a>\n\t\t\t\t<\/div>\n\t\t\t\t\t\t\t\t<\/div>\n\t\t\t\t<\/div>\n\t\t\t\t<\/div>\n\t\t<div class=\"has_ae_slider elementor-element elementor-element-5af418f e-con-full e-flex ae-bg-gallery-type-default e-con e-child\" data-id=\"5af418f\" data-element_type=\"container\" data-e-type=\"container\">\n\t\t\t\t<div class=\"elementor-element elementor-element-6a7a46a elementor-widget elementor-widget-heading\" data-id=\"6a7a46a\" data-element_type=\"widget\" data-e-type=\"widget\" data-widget_type=\"heading.default\">\n\t\t\t\t<div class=\"elementor-widget-container\">\n\t\t\t\t\t<h2 class=\"elementor-heading-title elementor-size-default\">CH\u00c0O M\u1eeaNG \u0110\u1ebeN V\u1edaI H\u1ed8I TH\u1ea2O C\u1ee6A CH\u00daNG T\u00d4I<\/h2>\t\t\t\t<\/div>\n\t\t\t\t<\/div>\n\t\t\t\t<\/div>\n\t\t<div class=\"has_ae_slider elementor-element elementor-element-34a96c0 e-con-full e-flex ae-bg-gallery-type-default e-con e-child\" data-id=\"34a96c0\" data-element_type=\"container\" data-e-type=\"container\">\n\t\t\t\t<div class=\"elementor-element elementor-element-f593675 elementor-align-right elementor-widget elementor-widget-button\" data-id=\"f593675\" data-element_type=\"widget\" data-e-type=\"widget\" data-widget_type=\"button.default\">\n\t\t\t\t<div class=\"elementor-widget-container\">\n\t\t\t\t\t\t\t\t\t<div class=\"elementor-button-wrapper\">\n\t\t\t\t\t<a class=\"elementor-button elementor-button-link elementor-size-sm\" href=\"#\">\n\t\t\t\t\t\t<span class=\"elementor-button-content-wrapper\">\n\t\t\t\t\t\t\t\t\t<span class=\"elementor-button-text\">[ 001 ]<\/span>\n\t\t\t\t\t<\/span>\n\t\t\t\t\t<\/a>\n\t\t\t\t<\/div>\n\t\t\t\t\t\t\t\t<\/div>\n\t\t\t\t<\/div>\n\t\t\t\t<\/div>\n\t\t\t\t\t<\/div>\n\t\t\t\t<\/div>\n\t\t<div class=\"has_ae_slider elementor-element elementor-element-c27d30b e-flex e-con-boxed ae-bg-gallery-type-default e-con e-parent\" data-id=\"c27d30b\" data-element_type=\"container\" data-e-type=\"container\" data-settings=\"{&quot;background_background&quot;:&quot;classic&quot;}\">\n\t\t\t\t\t<div class=\"e-con-inner\">\n\t\t<div class=\"has_ae_slider elementor-element elementor-element-e82f4e4 e-con-full e-flex ae-bg-gallery-type-default e-con e-child\" data-id=\"e82f4e4\" data-element_type=\"container\" data-e-type=\"container\">\n\t\t\t\t<div class=\"elementor-element elementor-element-08c10a4 make-fishsauce elementor-widget elementor-widget-image\" data-id=\"08c10a4\" data-element_type=\"widget\" data-e-type=\"widget\" data-widget_type=\"image.default\">\n\t\t\t\t<div class=\"elementor-widget-container\">\n\t\t\t\t\t\t\t\t\t\t\t\t\t\t\t<img fetchpriority=\"high\" decoding=\"async\" width=\"1950\" height=\"2560\" src=\"https:\/\/chubenfishsauce.com\/wp-content\/uploads\/2025\/07\/IMG_1792-scaled.jpg\" class=\"attachment-full size-full wp-image-1499\" alt=\"\" srcset=\"https:\/\/chubenfishsauce.com\/wp-content\/uploads\/2025\/07\/IMG_1792-scaled.jpg 1950w, https:\/\/chubenfishsauce.com\/wp-content\/uploads\/2025\/07\/IMG_1792-229x300.jpg 229w, https:\/\/chubenfishsauce.com\/wp-content\/uploads\/2025\/07\/IMG_1792-780x1024.jpg 780w, https:\/\/chubenfishsauce.com\/wp-content\/uploads\/2025\/07\/IMG_1792-768x1008.jpg 768w, https:\/\/chubenfishsauce.com\/wp-content\/uploads\/2025\/07\/IMG_1792-1170x1536.jpg 1170w, https:\/\/chubenfishsauce.com\/wp-content\/uploads\/2025\/07\/IMG_1792-1560x2048.jpg 1560w\" sizes=\"(max-width: 1950px) 100vw, 1950px\" \/>\t\t\t\t\t\t\t\t\t\t\t\t\t\t\t<\/div>\n\t\t\t\t<\/div>\n\t\t\t\t<\/div>\n\t\t<div class=\"has_ae_slider elementor-element elementor-element-be22e8b e-con-full e-flex ae-bg-gallery-type-default e-con e-child\" data-id=\"be22e8b\" data-element_type=\"container\" data-e-type=\"container\">\n\t\t\t\t<div class=\"elementor-element elementor-element-81c9306 elementor-widget elementor-widget-heading\" data-id=\"81c9306\" data-element_type=\"widget\" data-e-type=\"widget\" data-widget_type=\"heading.default\">\n\t\t\t\t<div class=\"elementor-widget-container\">\n\t\t\t\t\t<h2 class=\"elementor-heading-title elementor-size-default\">V\u01b0\u1ee3t ra ngo\u00e0i s\u1ea3n ph\u1ea9m<\/h2>\t\t\t\t<\/div>\n\t\t\t\t<\/div>\n\t\t\t\t<div class=\"elementor-element elementor-element-f64c359 elementor-widget elementor-widget-heading\" data-id=\"f64c359\" data-element_type=\"widget\" data-e-type=\"widget\" data-widget_type=\"heading.default\">\n\t\t\t\t<div class=\"elementor-widget-container\">\n\t\t\t\t\t<h2 class=\"elementor-heading-title elementor-size-default\">D\u1ecbch v\u1ee5 th\u1ee7 c\u00f4ng cho s\u1ef1 th\u00e0nh c\u00f4ng trong \u1ea9m th\u1ef1c<\/h2>\t\t\t\t<\/div>\n\t\t\t\t<\/div>\n\t\t\t\t<div class=\"elementor-element elementor-element-c3b3836 elementor-widget__width-initial elementor-widget elementor-widget-text-editor\" data-id=\"c3b3836\" data-element_type=\"widget\" data-e-type=\"widget\" data-widget_type=\"text-editor.default\">\n\t\t\t\t<div class=\"elementor-widget-container\">\n\t\t\t\t\t\t\t\t\tT\u1eeb t\u01b0 v\u1ea5n nh\u00e0 b\u1ebfp \u0111\u1ebfn ph\u00e1t tri\u1ec3n h\u01b0\u01a1ng v\u1ecb t\u00f9y ch\u1ec9nh, ch\u00fang t\u00f4i gi\u00fap b\u1ea1n t\u1ea1o ra h\u01b0\u01a1ng v\u1ecb umami \u0111\u00edch th\u1ef1c \u2014 ph\u00f9 h\u1ee3p v\u1edbi nhu c\u1ea7u c\u1ee7a b\u1ea1n.\t\t\t\t\t\t\t\t<\/div>\n\t\t\t\t<\/div>\n\t\t\t\t<\/div>\n\t\t<div class=\"has_ae_slider elementor-element elementor-element-03f2514 e-con-full e-flex ae-bg-gallery-type-default e-con e-child\" data-id=\"03f2514\" data-element_type=\"container\" data-e-type=\"container\">\n\t\t\t\t<div class=\"elementor-element elementor-element-13fb26e make-fishsauce elementor-widget elementor-widget-image\" data-id=\"13fb26e\" data-element_type=\"widget\" data-e-type=\"widget\" data-widget_type=\"image.default\">\n\t\t\t\t<div class=\"elementor-widget-container\">\n\t\t\t\t\t\t\t\t\t\t\t\t\t\t\t<img decoding=\"async\" width=\"1940\" height=\"2560\" src=\"https:\/\/chubenfishsauce.com\/wp-content\/uploads\/2025\/07\/IMG_0097-1-scaled.jpg\" class=\"attachment-full size-full wp-image-1498\" alt=\"\" srcset=\"https:\/\/chubenfishsauce.com\/wp-content\/uploads\/2025\/07\/IMG_0097-1-scaled.jpg 1940w, https:\/\/chubenfishsauce.com\/wp-content\/uploads\/2025\/07\/IMG_0097-1-227x300.jpg 227w, https:\/\/chubenfishsauce.com\/wp-content\/uploads\/2025\/07\/IMG_0097-1-776x1024.jpg 776w, https:\/\/chubenfishsauce.com\/wp-content\/uploads\/2025\/07\/IMG_0097-1-768x1013.jpg 768w, https:\/\/chubenfishsauce.com\/wp-content\/uploads\/2025\/07\/IMG_0097-1-1164x1536.jpg 1164w, https:\/\/chubenfishsauce.com\/wp-content\/uploads\/2025\/07\/IMG_0097-1-1552x2048.jpg 1552w\" sizes=\"(max-width: 1940px) 100vw, 1940px\" \/>\t\t\t\t\t\t\t\t\t\t\t\t\t\t\t<\/div>\n\t\t\t\t<\/div>\n\t\t\t\t<\/div>\n\t\t\t\t\t<\/div>\n\t\t\t\t<\/div>\n\t\t<div class=\"has_ae_slider elementor-element elementor-element-d82081c e-flex e-con-boxed ae-bg-gallery-type-default e-con e-parent\" data-id=\"d82081c\" data-element_type=\"container\" data-e-type=\"container\" data-settings=\"{&quot;background_background&quot;:&quot;classic&quot;}\">\n\t\t\t\t\t<div class=\"e-con-inner\">\n\t\t<div class=\"has_ae_slider elementor-element elementor-element-370d584 e-con-full e-flex ae-bg-gallery-type-default e-con e-child\" data-id=\"370d584\" data-element_type=\"container\" data-e-type=\"container\">\n\t\t\t\t<div class=\"elementor-element elementor-element-7641cd3 elementor-widget elementor-widget-heading\" data-id=\"7641cd3\" data-element_type=\"widget\" data-e-type=\"widget\" data-widget_type=\"heading.default\">\n\t\t\t\t<div class=\"elementor-widget-container\">\n\t\t\t\t\t<h2 class=\"elementor-heading-title elementor-size-default\">HO\u1ea0T \u0110\u1ed8NG C\u00f9ng b\u1eadc th\u1ea7y n\u01b0\u1edbc m\u1eafm Chuben<\/h2>\t\t\t\t<\/div>\n\t\t\t\t<\/div>\n\t\t\t\t<\/div>\n\t\t\t\t\t<\/div>\n\t\t\t\t<\/div>\n\t\t<div class=\"has_ae_slider elementor-element elementor-element-b4967ec horizontal-scroll-section e-flex e-con-boxed ae-bg-gallery-type-default e-con e-parent\" data-id=\"b4967ec\" data-element_type=\"container\" data-e-type=\"container\" data-settings=\"{&quot;background_background&quot;:&quot;classic&quot;}\">\n\t\t\t\t\t<div class=\"e-con-inner\">\n\t\t<div class=\"has_ae_slider elementor-element elementor-element-c4145ab e-con-full e-flex ae-bg-gallery-type-default e-con e-child\" data-id=\"c4145ab\" data-element_type=\"container\" data-e-type=\"container\">\n\t\t\t\t<div class=\"elementor-element elementor-element-fdfd831 elementor-widget__width-initial elementor-arrows-position-inside elementor-widget elementor-widget-n-carousel\" data-id=\"fdfd831\" data-element_type=\"widget\" data-e-type=\"widget\" data-settings=\"{&quot;carousel_items&quot;:[{&quot;slide_title&quot;:&quot;Slide #1&quot;,&quot;_id&quot;:&quot;7c10249&quot;},{&quot;slide_title&quot;:&quot;Slide #2&quot;,&quot;_id&quot;:&quot;98c1934&quot;}],&quot;slides_to_show&quot;:&quot;2&quot;,&quot;slides_to_show_tablet&quot;:&quot;2&quot;,&quot;slides_to_show_mobile&quot;:&quot;1&quot;,&quot;autoplay&quot;:&quot;yes&quot;,&quot;autoplay_speed&quot;:5000,&quot;pause_on_hover&quot;:&quot;yes&quot;,&quot;pause_on_interaction&quot;:&quot;yes&quot;,&quot;infinite&quot;:&quot;yes&quot;,&quot;speed&quot;:500,&quot;offset_sides&quot;:&quot;none&quot;,&quot;arrows&quot;:&quot;yes&quot;,&quot;image_spacing_custom&quot;:{&quot;unit&quot;:&quot;px&quot;,&quot;size&quot;:10,&quot;sizes&quot;:[]},&quot;image_spacing_custom_tablet&quot;:{&quot;unit&quot;:&quot;px&quot;,&quot;size&quot;:&quot;&quot;,&quot;sizes&quot;:[]},&quot;image_spacing_custom_mobile&quot;:{&quot;unit&quot;:&quot;px&quot;,&quot;size&quot;:&quot;&quot;,&quot;sizes&quot;:[]}}\" data-widget_type=\"nested-carousel.default\">\n\t\t\t\t<div class=\"elementor-widget-container\">\n\t\t\t\t\t\t\t<div class=\"e-n-carousel swiper\" role=\"region\" aria-roledescription=\"carousel\" aria-label=\"Carousel\" dir=\"ltr\">\n\t\t\t<div class=\"swiper-wrapper\" aria-live=\"off\">\n\t\t\t\t\t\t\t\t\t\t<div class=\"swiper-slide\" data-slide=\"1\" role=\"group\" aria-roledescription=\"slide\" aria-label=\"1 of 2\">\n\t\t\t\t\t\t\t<div class=\"has_ae_slider elementor-element elementor-element-e21167b e-flex e-con-boxed ae-bg-gallery-type-default e-con e-child\" data-id=\"e21167b\" data-element_type=\"container\" data-e-type=\"container\">\n\t\t\t\t\t<div class=\"e-con-inner\">\n\t\t<div class=\"has_ae_slider elementor-element elementor-element-494fa2a e-con-full e-flex ae-bg-gallery-type-default e-con e-child\" data-id=\"494fa2a\" data-element_type=\"container\" data-e-type=\"container\" data-settings=\"{&quot;background_background&quot;:&quot;classic&quot;}\">\n\t\t\t\t<div class=\"elementor-element elementor-element-acfea60 chef-img elementor-widget elementor-widget-image\" data-id=\"acfea60\" data-element_type=\"widget\" data-e-type=\"widget\" data-widget_type=\"image.default\">\n\t\t\t\t<div class=\"elementor-widget-container\">\n\t\t\t\t\t\t\t\t\t\t\t\t\t\t\t<img decoding=\"async\" width=\"794\" height=\"1024\" src=\"https:\/\/chubenfishsauce.com\/wp-content\/uploads\/2025\/05\/smoked2-794x1024.jpg\" class=\"attachment-large size-large wp-image-406\" alt=\"\" srcset=\"https:\/\/chubenfishsauce.com\/wp-content\/uploads\/2025\/05\/smoked2-794x1024.jpg 794w, https:\/\/chubenfishsauce.com\/wp-content\/uploads\/2025\/05\/smoked2-233x300.jpg 233w, https:\/\/chubenfishsauce.com\/wp-content\/uploads\/2025\/05\/smoked2-768x991.jpg 768w, https:\/\/chubenfishsauce.com\/wp-content\/uploads\/2025\/05\/smoked2-1190x1536.jpg 1190w, https:\/\/chubenfishsauce.com\/wp-content\/uploads\/2025\/05\/smoked2.jpg 1240w\" sizes=\"(max-width: 794px) 100vw, 794px\" \/>\t\t\t\t\t\t\t\t\t\t\t\t\t\t\t<\/div>\n\t\t\t\t<\/div>\n\t\t\t\t<div class=\"elementor-element elementor-element-2ee1099 elementor-widget elementor-widget-heading\" data-id=\"2ee1099\" data-element_type=\"widget\" data-e-type=\"widget\" data-widget_type=\"heading.default\">\n\t\t\t\t<div class=\"elementor-widget-container\">\n\t\t\t\t\t<h4 class=\"elementor-heading-title elementor-size-default\">HO\u1ea0T \u0110\u1ed8NG V\u00c0 N\u1ebeM TH\u1eec<\/h4>\t\t\t\t<\/div>\n\t\t\t\t<\/div>\n\t\t\t\t<div class=\"elementor-element elementor-element-57b6a1a elementor-widget__width-initial elementor-widget elementor-widget-text-editor\" data-id=\"57b6a1a\" data-element_type=\"widget\" data-e-type=\"widget\" data-widget_type=\"text-editor.default\">\n\t\t\t\t<div class=\"elementor-widget-container\">\n\t\t\t\t\t\t\t\t\t<p class=\"p1 translation-block\">H\u1ed9i th\u1ea3o v\u00e0 bu\u1ed5i n\u1ebfm th\u1eed d\u00e0nh cho kh\u00e1ch m\u1eddi v\u00e0\/ho\u1eb7c chuy\u00ean gia.Gi\u1edbi thi\u1ec7u v\u1ec1 n\u01b0\u1edbc m\u1eafm, k\u1ec3 chuy\u1ec7n, n\u1ebfm th\u1eed v\u00e0 c\u00e1c m\u1eb9o.<\/p>\t\t\t\t\t\t\t\t<\/div>\n\t\t\t\t<\/div>\n\t\t\t\t<\/div>\n\t\t\t\t\t<\/div>\n\t\t\t\t<\/div>\n\t\t\t\t\t\t\t\t<\/div>\n\t\t\t\t\t\t\t\t\t\t\t<div class=\"swiper-slide\" data-slide=\"2\" role=\"group\" aria-roledescription=\"slide\" aria-label=\"2 of 2\">\n\t\t\t\t\t\t\t<div class=\"has_ae_slider elementor-element elementor-element-205690b e-flex e-con-boxed ae-bg-gallery-type-default e-con e-child\" data-id=\"205690b\" data-element_type=\"container\" data-e-type=\"container\">\n\t\t\t\t\t<div class=\"e-con-inner\">\n\t\t<div class=\"has_ae_slider elementor-element elementor-element-a7fd2ba e-con-full e-flex ae-bg-gallery-type-default e-con e-child\" data-id=\"a7fd2ba\" data-element_type=\"container\" data-e-type=\"container\" data-settings=\"{&quot;background_background&quot;:&quot;classic&quot;}\">\n\t\t\t\t<div class=\"elementor-element elementor-element-358dc36 chef-img elementor-widget elementor-widget-image\" data-id=\"358dc36\" data-element_type=\"widget\" data-e-type=\"widget\" data-widget_type=\"image.default\">\n\t\t\t\t<div class=\"elementor-widget-container\">\n\t\t\t\t\t\t\t\t\t\t\t\t\t\t\t<img loading=\"lazy\" decoding=\"async\" width=\"800\" height=\"1000\" src=\"https:\/\/chubenfishsauce.com\/wp-content\/uploads\/2025\/05\/smoked-with-fish-819x1024.jpg\" class=\"attachment-large size-large wp-image-402\" alt=\"\" srcset=\"https:\/\/chubenfishsauce.com\/wp-content\/uploads\/2025\/05\/smoked-with-fish-819x1024.jpg 819w, https:\/\/chubenfishsauce.com\/wp-content\/uploads\/2025\/05\/smoked-with-fish-240x300.jpg 240w, https:\/\/chubenfishsauce.com\/wp-content\/uploads\/2025\/05\/smoked-with-fish-768x960.jpg 768w, https:\/\/chubenfishsauce.com\/wp-content\/uploads\/2025\/05\/smoked-with-fish-1229x1536.jpg 1229w, https:\/\/chubenfishsauce.com\/wp-content\/uploads\/2025\/05\/smoked-with-fish.jpg 1365w\" sizes=\"(max-width: 800px) 100vw, 800px\" \/>\t\t\t\t\t\t\t\t\t\t\t\t\t\t\t<\/div>\n\t\t\t\t<\/div>\n\t\t\t\t<div class=\"elementor-element elementor-element-11a7bf0 elementor-widget elementor-widget-heading\" data-id=\"11a7bf0\" data-element_type=\"widget\" data-e-type=\"widget\" data-widget_type=\"heading.default\">\n\t\t\t\t<div class=\"elementor-widget-container\">\n\t\t\t\t\t<h4 class=\"elementor-heading-title elementor-size-default\">N\u01b0\u1edbc m\u1eafm \u0111\u01b0\u1ee3c l\u00e0m theo y\u00eau c\u1ea7u<\/h4>\t\t\t\t<\/div>\n\t\t\t\t<\/div>\n\t\t\t\t<div class=\"elementor-element elementor-element-04d3204 elementor-widget__width-initial elementor-widget elementor-widget-text-editor\" data-id=\"04d3204\" data-element_type=\"widget\" data-e-type=\"widget\" data-widget_type=\"text-editor.default\">\n\t\t\t\t<div class=\"elementor-widget-container\">\n\t\t\t\t\t\t\t\t\t<p class=\"p1 translation-block\">N\u01b0\u1edbc m\u1eafm \u0111\u01b0\u1ee3c thi\u1ebft k\u1ebf ri\u00eang theo y\u00eau c\u1ea7u, c\u00f9ng v\u1edbi c\u00e1c h\u1ed9p \u0111\u01b0\u1ee3c thi\u1ebft k\u1ebf \u0111\u1ed3ng th\u01b0\u01a1ng hi\u1ec7u (c\u1eeda h\u00e0ng v\u00e0 ti\u1ec7n nghi)<\/p>\t\t\t\t\t\t\t\t<\/div>\n\t\t\t\t<\/div>\n\t\t\t\t<\/div>\n\t\t\t\t\t<\/div>\n\t\t\t\t<\/div>\n\t\t\t\t\t\t\t\t<\/div>\n\t\t\t\t\t\t\t\t<\/div>\n\t\t<\/div>\n\t\t\t\t\t<div class=\"elementor-swiper-button elementor-swiper-button-prev\" role=\"button\" tabindex=\"0\" aria-label=\"Previous\">\n\t\t\t\t<svg aria-hidden=\"true\" class=\"e-font-icon-svg e-eicon-chevron-left\" viewbox=\"0 0 1000 1000\" xmlns=\"http:\/\/www.w3.org\/2000\/svg\"><path d=\"M646 125C629 125 613 133 604 142L308 442C296 454 292 471 292 487 292 504 296 521 308 533L604 854C617 867 629 875 646 875 663 875 679 871 692 858 704 846 713 829 713 812 713 796 708 779 692 767L438 487 692 225C700 217 708 204 708 187 708 171 704 154 692 142 675 129 663 125 646 125Z\"><\/path><\/svg>\t\t\t<\/div>\n\t\t\t<div class=\"elementor-swiper-button elementor-swiper-button-next\" role=\"button\" tabindex=\"0\" aria-label=\"Next\">\n\t\t\t\t<svg aria-hidden=\"true\" class=\"e-font-icon-svg e-eicon-chevron-right\" viewbox=\"0 0 1000 1000\" xmlns=\"http:\/\/www.w3.org\/2000\/svg\"><path d=\"M696 533C708 521 713 504 713 487 713 471 708 454 696 446L400 146C388 133 375 125 354 125 338 125 325 129 313 142 300 154 292 171 292 187 292 204 296 221 308 233L563 492 304 771C292 783 288 800 288 817 288 833 296 850 308 863 321 871 338 875 354 875 371 875 388 867 400 854L696 533Z\"><\/path><\/svg>\t\t\t<\/div>\n\t\t\t\t\t\t<\/div>\n\t\t\t\t<\/div>\n\t\t\t\t<\/div>\n\t\t\t\t\t<\/div>\n\t\t\t\t<\/div>\n\t\t\t\t<\/div>","protected":false},"excerpt":{"rendered":"<p>Consulting &amp; services [ SCROLL DOWN ] SMOKED FISH SAUCE &#8211; CHU BEN ORIGINAL &#8211; SMOKED FISH SAUCE &#8211; CHU BEN ORIGINAL &#8211; SMOKED FISH SAUCE &#8211; CHU BEN ORIGINAL &#8211; SMOKED FISH SAUCE &#8211; CHU BEN ORIGINAL &#8211; SMOKED FISH SAUCE &#8211; CHU BEN ORIGINAL &#8211; SMOKED FISH SAUCE &#8211; CHU BEN ORIGINAL &#8211; [&hellip;]<\/p>","protected":false},"author":1,"featured_media":0,"parent":0,"menu_order":0,"comment_status":"closed","ping_status":"closed","template":"","meta":{"footnotes":""},"class_list":["post-567","page","type-page","status-publish","hentry"],"acf":[],"_links":{"self":[{"href":"https:\/\/chubenfishsauce.com\/vi\/wp-json\/wp\/v2\/pages\/567","targetHints":{"allow":["GET"]}}],"collection":[{"href":"https:\/\/chubenfishsauce.com\/vi\/wp-json\/wp\/v2\/pages"}],"about":[{"href":"https:\/\/chubenfishsauce.com\/vi\/wp-json\/wp\/v2\/types\/page"}],"author":[{"embeddable":true,"href":"https:\/\/chubenfishsauce.com\/vi\/wp-json\/wp\/v2\/users\/1"}],"replies":[{"embeddable":true,"href":"https:\/\/chubenfishsauce.com\/vi\/wp-json\/wp\/v2\/comments?post=567"}],"version-history":[{"count":40,"href":"https:\/\/chubenfishsauce.com\/vi\/wp-json\/wp\/v2\/pages\/567\/revisions"}],"predecessor-version":[{"id":1749,"href":"https:\/\/chubenfishsauce.com\/vi\/wp-json\/wp\/v2\/pages\/567\/revisions\/1749"}],"wp:attachment":[{"href":"https:\/\/chubenfishsauce.com\/vi\/wp-json\/wp\/v2\/media?parent=567"}],"curies":[{"name":"wp","href":"https:\/\/api.w.org\/{rel}","templated":true}]}}